{"id":158,"date":"2023-08-21T22:22:51","date_gmt":"2023-08-21T19:22:51","guid":{"rendered":"http:\/\/gcgw2024.harran.edu.tr\/?page_id=158"},"modified":"2024-05-03T10:58:38","modified_gmt":"2024-05-03T07:58:38","slug":"accommodation","status":"publish","type":"page","link":"https:\/\/gcgw2024.harran.edu.tr\/index.php\/location\/accommodation\/","title":{"rendered":"ACCOMMODATION"},"content":{"rendered":"\n<p><\/p>\n\n\n\n<p><a href=\"https:\/\/www.gobeklitepeotel.com.tr\/\">G\u00f6beklitepe Hotel : 0414 3145757<\/a><\/p>\n\n\n\n<p><a href=\"https:\/\/evlclbmtal.meb.k12.tr\/tema\/dosyadetay.php?KATEGORINO=637742\">Evliya \u00c7elebi Mesleki ve Teknik Anadolu Lisesi Uygulama Oteli<\/a>: 0531 0121863<\/p>\n\n\n\n<p><a href=\"https:\/\/sanliurfa.csb.gov.tr\/misafirhanemiz-i-108350\">\u015eanl\u0131urfa \u00c7evre, \u015eehircilik ve \u0130klim De\u011fi\u015fikli\u011fi \u0130l M\u00fcd\u00fcrl\u00fc\u011f\u00fc Misafirhanesi<\/a><\/p>\n\n\n\n<p><a href=\"https:\/\/www.meyasturizm.com\/iletisim\/\">Meyas Turizm<\/a> whatsapp: <a href=\"https:\/\/wa.me\/5428453242\">(+90)5428453242<\/a><\/p>\n\n\n\n<p><a href=\"http:\/\/urfaevi.harran.edu.tr\/\" target=\"_blank\" rel=\"noreferrer noopener\">Harran University Urfaevi Boutique Hotel<\/a><\/p>\n\n\n\n<p><a href=\"https:\/\/sks.harran.edu.tr\/tr\/sosyal-tesisler\/osmanbey-sosyal-tesisi\/\" target=\"_blank\" rel=\"noreferrer noopener\">Harran University Social Facilities Guest House<\/a><\/p>\n\n\n\n<p><a href=\"https:\/\/www.hotelelruha.com\/en\/mainpage\/\" target=\"_blank\" rel=\"noreferrer noopener\">Hotel El Ruha <\/a><\/p>\n\n\n\n<p><a href=\"https:\/\/nevalihotel.com\/\" target=\"_blank\" rel=\"noreferrer noopener\">Nevali Hotel<\/a><\/p>\n\n\n\n<p><a href=\"https:\/\/www.hilton.com\/en\/hotels\/sfqgigi-hilton-garden-inn-sanliurfa\/?SEO_id=GMB-EMEA-GI-SFQGIGI\" target=\"_blank\" rel=\"noreferrer noopener\">Hilton Garden Inn Sanliurfa<\/a><\/p>\n\n\n\n<p><a href=\"https:\/\/www.hilton.com\/en\/hotels\/gnydtdi-doubletree-sanliurfa\/\" target=\"_blank\" rel=\"noreferrer noopener\">DoubleTree by Hilton Sanliurfa<\/a><\/p>\n","protected":false},"excerpt":{"rendered":"<p>G\u00f6beklitepe Hotel : 0414 3145757 Evliya \u00c7elebi Mesleki ve Teknik Anadolu Lisesi Uygulama Oteli: 0531 0121863 \u015eanl\u0131urfa \u00c7evre, \u015eehircilik ve \u0130klim De\u011fi\u015fikli\u011fi \u0130l M\u00fcd\u00fcrl\u00fc\u011f\u00fc Misafirhanesi Meyas Turizm whatsapp: (+90)5428453242 Harran University Urfaevi Boutique Hotel Harran University Social Facilities Guest House Hotel El Ruha Nevali Hotel Hilton Garden Inn Sanliurfa DoubleTree by Hilton Sanliurfa<\/p>\n","protected":false},"author":1,"featured_media":0,"parent":172,"menu_order":4,"comment_status":"closed","ping_status":"closed","template":"","meta":{"footnotes":""},"class_list":["post-158","page","type-page","status-publish","hentry"],"_links":{"self":[{"href":"https:\/\/gcgw2024.harran.edu.tr\/index.php\/wp-json\/wp\/v2\/pages\/158","targetHints":{"allow":["GET"]}}],"collection":[{"href":"https:\/\/gcgw2024.harran.edu.tr\/index.php\/wp-json\/wp\/v2\/pages"}],"about":[{"href":"https:\/\/gcgw2024.harran.edu.tr\/index.php\/wp-json\/wp\/v2\/types\/page"}],"author":[{"embeddable":true,"href":"https:\/\/gcgw2024.harran.edu.tr\/index.php\/wp-json\/wp\/v2\/users\/1"}],"replies":[{"embeddable":true,"href":"https:\/\/gcgw2024.harran.edu.tr\/index.php\/wp-json\/wp\/v2\/comments?post=158"}],"version-history":[{"count":18,"href":"https:\/\/gcgw2024.harran.edu.tr\/index.php\/wp-json\/wp\/v2\/pages\/158\/revisions"}],"predecessor-version":[{"id":1084,"href":"https:\/\/gcgw2024.harran.edu.tr\/index.php\/wp-json\/wp\/v2\/pages\/158\/revisions\/1084"}],"up":[{"embeddable":true,"href":"https:\/\/gcgw2024.harran.edu.tr\/index.php\/wp-json\/wp\/v2\/pages\/172"}],"wp:attachment":[{"href":"https:\/\/gcgw2024.harran.edu.tr\/index.php\/wp-json\/wp\/v2\/media?parent=158"}],"curies":[{"name":"wp","href":"https:\/\/api.w.org\/{rel}","templated":true}]}}