{"id":152,"date":"2023-08-21T22:21:56","date_gmt":"2023-08-21T19:21:56","guid":{"rendered":"http:\/\/gcgw2024.harran.edu.tr\/?page_id=152"},"modified":"2024-05-14T15:42:52","modified_gmt":"2024-05-14T12:42:52","slug":"venue","status":"publish","type":"page","link":"https:\/\/gcgw2024.harran.edu.tr\/index.php\/location\/venue\/","title":{"rendered":"VENUE"},"content":{"rendered":"\t\t<div data-elementor-type=\"wp-page\" data-elementor-id=\"152\" class=\"elementor elementor-152\">\n\t\t\t\t<div class=\"elementor-element elementor-element-6a421be e-flex e-con-boxed e-con e-parent\" data-id=\"6a421be\" data-element_type=\"container\" data-settings=\"{&quot;content_width&quot;:&quot;boxed&quot;}\" data-core-v316-plus=\"true\">\n\t\t\t\t\t<div class=\"e-con-inner\">\n\t\t<div class=\"elementor-element elementor-element-04231f1 e-con-full e-flex e-con e-child\" data-id=\"04231f1\" data-element_type=\"container\" data-settings=\"{&quot;content_width&quot;:&quot;full&quot;}\">\n\t\t\t\t<div class=\"elementor-element elementor-element-9166733 elementor-widget elementor-widget-heading\" data-id=\"9166733\" data-element_type=\"widget\" data-widget_type=\"heading.default\">\n\t\t\t\t<div class=\"elementor-widget-container\">\n\t\t\t<style>\/*! elementor - v3.19.0 - 07-02-2024 *\/\n.elementor-heading-title{padding:0;margin:0;line-height:1}.elementor-widget-heading .elementor-heading-title[class*=elementor-size-]>a{color:inherit;font-size:inherit;line-height:inherit}.elementor-widget-heading .elementor-heading-title.elementor-size-small{font-size:15px}.elementor-widget-heading .elementor-heading-title.elementor-size-medium{font-size:19px}.elementor-widget-heading .elementor-heading-title.elementor-size-large{font-size:29px}.elementor-widget-heading .elementor-heading-title.elementor-size-xl{font-size:39px}.elementor-widget-heading .elementor-heading-title.elementor-size-xxl{font-size:59px}<\/style><p class=\"elementor-heading-title elementor-size-default\"><a href=\"https:\/\/www.hilton.com\/tr\/hotels\/gnydtdi-doubletree-sanliurfa\/hotel-info\/?WT.mc_id=zINDA0EMEA1MB2PSH3GGL4INTBPP5dkt6MULTIBR7_121127545_1003528_p75472336620&#038;&#038;&#038;&#038;&#038;gad_source=1&#038;gclid=CjwKCAjw9IayBhBJEiwAVuc3fvbxJjVQnvHt2AJ86OEfWFbaimXXEVgfBSKBgZcrG9Bt0xNoWF9t4RoCyZkQAvD_BwE&#038;gclsrc=aw.ds\" target=\"_blank\">DOUBLE TREE BY HILTON, SANLIURFA, TURKIYE<\/a><\/p>\t\t<\/div>\n\t\t\t\t<\/div>\n\t\t\t\t<\/div>\n\t\t<div class=\"elementor-element elementor-element-e583369 e-con-full e-flex e-con e-child\" data-id=\"e583369\" data-element_type=\"container\" data-settings=\"{&quot;content_width&quot;:&quot;full&quot;}\">\n\t\t\t\t<div class=\"elementor-element elementor-element-e3114af elementor-widget elementor-widget-heading\" data-id=\"e3114af\" data-element_type=\"widget\" data-widget_type=\"heading.default\">\n\t\t\t\t<div class=\"elementor-widget-container\">\n\t\t\t<p class=\"elementor-heading-title elementor-size-default\"><a href=\"http:\/\/www.harran.edu.tr\" target=\"_blank\">HARRAN UNIVERSITY ENGINEERING FACULTY\n,OSMANBEY CAMPUS 63100 SANLIURFA, TURKIYE<\/a><\/p>\t\t<\/div>\n\t\t\t\t<\/div>\n\t\t\t\t<\/div>\n\t\t\t\t\t<\/div>\n\t\t\t\t<\/div>\n\t\t<div class=\"elementor-element elementor-element-9d95c70 e-flex e-con-boxed e-con e-parent\" data-id=\"9d95c70\" data-element_type=\"container\" data-settings=\"{&quot;content_width&quot;:&quot;boxed&quot;}\" data-core-v316-plus=\"true\">\n\t\t\t\t\t<div class=\"e-con-inner\">\n\t\t<div class=\"elementor-element elementor-element-d66c32e e-con-full e-flex e-con e-child\" data-id=\"d66c32e\" data-element_type=\"container\" data-settings=\"{&quot;content_width&quot;:&quot;full&quot;}\">\n\t\t\t\t<div class=\"elementor-element elementor-element-942326a elementor-widget elementor-widget-image\" data-id=\"942326a\" data-element_type=\"widget\" data-widget_type=\"image.default\">\n\t\t\t\t<div class=\"elementor-widget-container\">\n\t\t\t<style>\/*! elementor - v3.19.0 - 07-02-2024 *\/\n.elementor-widget-image{text-align:center}.elementor-widget-image a{display:inline-block}.elementor-widget-image a img[src$=\".svg\"]{width:48px}.elementor-widget-image img{vertical-align:middle;display:inline-block}<\/style>\t\t\t\t\t\t\t\t\t\t\t<a href=\"https:\/\/www.hilton.com\/en\/hotels\/sfqgigi-hilton-garden-inn-sanliurfa\/?SEO_id=GMB-EMEA-GI-SFQGIGI\" target=\"_blank\">\n\t\t\t\t\t\t\t<img fetchpriority=\"high\" decoding=\"async\" width=\"640\" height=\"427\" src=\"https:\/\/gcgw2024.harran.edu.tr\/wp-content\/uploads\/2024\/03\/dthilton-768x512.jpg\" class=\"attachment-medium_large size-medium_large wp-image-941\" alt=\"\" srcset=\"https:\/\/gcgw2024.harran.edu.tr\/wp-content\/uploads\/2024\/03\/dthilton-768x512.jpg 768w, https:\/\/gcgw2024.harran.edu.tr\/wp-content\/uploads\/2024\/03\/dthilton-300x200.jpg 300w, https:\/\/gcgw2024.harran.edu.tr\/wp-content\/uploads\/2024\/03\/dthilton-1024x683.jpg 1024w, https:\/\/gcgw2024.harran.edu.tr\/wp-content\/uploads\/2024\/03\/dthilton-1536x1024.jpg 1536w, https:\/\/gcgw2024.harran.edu.tr\/wp-content\/uploads\/2024\/03\/dthilton.jpg 1600w\" sizes=\"(max-width: 640px) 100vw, 640px\" \/>\t\t\t\t\t\t\t\t<\/a>\n\t\t\t\t\t\t\t\t\t\t\t\t\t<\/div>\n\t\t\t\t<\/div>\n\t\t\t\t<\/div>\n\t\t<div class=\"elementor-element elementor-element-3931c0b e-con-full e-flex e-con e-child\" data-id=\"3931c0b\" data-element_type=\"container\" data-settings=\"{&quot;content_width&quot;:&quot;full&quot;}\">\n\t\t\t\t<div class=\"elementor-element elementor-element-d4294e2 elementor-widget elementor-widget-image\" data-id=\"d4294e2\" data-element_type=\"widget\" data-widget_type=\"image.default\">\n\t\t\t\t<div class=\"elementor-widget-container\">\n\t\t\t\t\t\t\t\t\t\t\t\t\t\t<a href=\"http:\/\/www.harran.edu.tr\" target=\"_blank\">\n\t\t\t\t\t\t\t<img decoding=\"async\" width=\"640\" height=\"323\" src=\"https:\/\/gcgw2024.harran.edu.tr\/wp-content\/uploads\/2023\/09\/1.jpg\" class=\"attachment-medium_large size-medium_large wp-image-434\" alt=\"\" \/>\t\t\t\t\t\t\t\t<\/a>\n\t\t\t\t\t\t\t\t\t\t\t\t\t<\/div>\n\t\t\t\t<\/div>\n\t\t\t\t<\/div>\n\t\t<div class=\"elementor-element elementor-element-554bb67 e-con-full e-flex e-con e-child\" data-id=\"554bb67\" data-element_type=\"container\" data-settings=\"{&quot;content_width&quot;:&quot;full&quot;}\">\n\t\t\t\t<div class=\"elementor-element elementor-element-d34db3c elementor-widget elementor-widget-google_maps\" data-id=\"d34db3c\" data-element_type=\"widget\" data-widget_type=\"google_maps.default\">\n\t\t\t\t<div class=\"elementor-widget-container\">\n\t\t\t<style>\/*! elementor - v3.19.0 - 07-02-2024 *\/\n.elementor-widget-google_maps .elementor-widget-container{overflow:hidden}.elementor-widget-google_maps .elementor-custom-embed{line-height:0}.elementor-widget-google_maps iframe{height:300px}<\/style>\t\t<div class=\"elementor-custom-embed\">\n\t\t\t<iframe loading=\"lazy\"\n\t\t\t\t\tsrc=\"https:\/\/maps.google.com\/maps?q=doubletree%20by%20hilton%20urfa&#038;t=m&#038;z=10&#038;output=embed&#038;iwloc=near\"\n\t\t\t\t\ttitle=\"doubletree by hilton urfa\"\n\t\t\t\t\taria-label=\"doubletree by hilton urfa\"\n\t\t\t><\/iframe>\n\t\t<\/div>\n\t\t\t\t<\/div>\n\t\t\t\t<\/div>\n\t\t\t\t<\/div>\n\t\t<div class=\"elementor-element elementor-element-bcdaf4a e-con-full e-flex e-con e-child\" data-id=\"bcdaf4a\" data-element_type=\"container\" data-settings=\"{&quot;content_width&quot;:&quot;full&quot;}\">\n\t\t\t\t<div class=\"elementor-element elementor-element-90883d5 elementor-widget elementor-widget-google_maps\" data-id=\"90883d5\" data-element_type=\"widget\" data-widget_type=\"google_maps.default\">\n\t\t\t\t<div class=\"elementor-widget-container\">\n\t\t\t\t\t<div class=\"elementor-custom-embed\">\n\t\t\t<iframe loading=\"lazy\"\n\t\t\t\t\tsrc=\"https:\/\/maps.google.com\/maps?q=harran%20%C3%BCniversitesi%20osmanbey%20kamp%C3%BCs%C3%BC&#038;t=m&#038;z=10&#038;output=embed&#038;iwloc=near\"\n\t\t\t\t\ttitle=\"harran \u00fcniversitesi osmanbey kamp\u00fcs\u00fc\"\n\t\t\t\t\taria-label=\"harran \u00fcniversitesi osmanbey kamp\u00fcs\u00fc\"\n\t\t\t><\/iframe>\n\t\t<\/div>\n\t\t\t\t<\/div>\n\t\t\t\t<\/div>\n\t\t\t\t<\/div>\n\t\t\t\t\t<\/div>\n\t\t\t\t<\/div>\n\t\t\t\t<\/div>\n\t\t","protected":false},"excerpt":{"rendered":"<p>DOUBLE TREE BY HILTON, SANLIURFA, TURKIYE HARRAN UNIVERSITY ENGINEERING FACULTY ,OSMANBEY CAMPUS 63100 SANLIURFA, TURKIYE<\/p>\n","protected":false},"author":1,"featured_media":0,"parent":172,"menu_order":1,"comment_status":"closed","ping_status":"closed","template":"","meta":{"footnotes":""},"class_list":["post-152","page","type-page","status-publish","hentry"],"_links":{"self":[{"href":"https:\/\/gcgw2024.harran.edu.tr\/index.php\/wp-json\/wp\/v2\/pages\/152","targetHints":{"allow":["GET"]}}],"collection":[{"href":"https:\/\/gcgw2024.harran.edu.tr\/index.php\/wp-json\/wp\/v2\/pages"}],"about":[{"href":"https:\/\/gcgw2024.harran.edu.tr\/index.php\/wp-json\/wp\/v2\/types\/page"}],"author":[{"embeddable":true,"href":"https:\/\/gcgw2024.harran.edu.tr\/index.php\/wp-json\/wp\/v2\/users\/1"}],"replies":[{"embeddable":true,"href":"https:\/\/gcgw2024.harran.edu.tr\/index.php\/wp-json\/wp\/v2\/comments?post=152"}],"version-history":[{"count":59,"href":"https:\/\/gcgw2024.harran.edu.tr\/index.php\/wp-json\/wp\/v2\/pages\/152\/revisions"}],"predecessor-version":[{"id":1164,"href":"https:\/\/gcgw2024.harran.edu.tr\/index.php\/wp-json\/wp\/v2\/pages\/152\/revisions\/1164"}],"up":[{"embeddable":true,"href":"https:\/\/gcgw2024.harran.edu.tr\/index.php\/wp-json\/wp\/v2\/pages\/172"}],"wp:attachment":[{"href":"https:\/\/gcgw2024.harran.edu.tr\/index.php\/wp-json\/wp\/v2\/media?parent=152"}],"curies":[{"name":"wp","href":"https:\/\/api.w.org\/{rel}","templated":true}]}}