{"id":146,"date":"2023-08-21T22:18:10","date_gmt":"2023-08-21T19:18:10","guid":{"rendered":"http:\/\/gcgw2024.harran.edu.tr\/?page_id=146"},"modified":"2024-05-16T07:22:36","modified_gmt":"2024-05-16T04:22:36","slug":"organising-committee","status":"publish","type":"page","link":"https:\/\/gcgw2024.harran.edu.tr\/index.php\/committee\/organising-committee\/","title":{"rendered":"ORGANISING COMMITTEE"},"content":{"rendered":"\n<h2 class=\"wp-block-heading\">ORGANISATON CHAIR<\/h2>\n\n\n\n<div class=\"wp-block-media-text alignwide is-stacked-on-mobile\" style=\"grid-template-columns:25% auto\"><figure class=\"wp-block-media-text__media\"><img fetchpriority=\"high\" decoding=\"async\" width=\"295\" height=\"300\" src=\"https:\/\/gcgw2024.harran.edu.tr\/wp-content\/uploads\/2023\/08\/Dincer.jpg\" alt=\"\u0130brahim D\u0130N\u00c7ER\" class=\"wp-image-257 size-full\"\/><\/figure><div class=\"wp-block-media-text__content\">\n<p><strong>Founding Chair :<\/strong> \u0130brahim D\u0130N\u00c7ER<\/p>\n\n\n\n<p><a href=\"https:\/\/ontariotechu.ca\/unleash\/?utm_medium=digital-ad&amp;utm_source=Googlesearch&amp;utm_campaign=unleash-23-24&amp;source=Googlesearch&amp;campaign=unleash-23-24&amp;converted_from_a_digital_ad=Yes&amp;utm_term=ontario%20tech%20university&amp;utm_campaign=OTech+-+Search+-+Oct+18-Jun+1,+2024.+Branded.+$12,000+(20%25+of+budget).&amp;utm_source=adwords&amp;utm_medium=ppc&amp;hsa_acc=5203452827&amp;hsa_cam=20678678321&amp;hsa_grp=155504773195&amp;hsa_ad=677586253186&amp;hsa_src=g&amp;hsa_tgt=kwd-380745936420&amp;hsa_kw=ontario%20tech%20university&amp;hsa_mt=b&amp;hsa_net=adwords&amp;hsa_ver=3&amp;gad_source=1&amp;gclid=CjwKCAjwupGyBhBBEiwA0UcqaNXdl729NTW3uRWIFBpXQ6mdAmnBiJgd_exEuh_isF07cMZicI0AOBoCvKEQAvD_BwE\"><strong><em> Ontario Tech<\/em><\/strong> <strong><em>University<\/em><\/strong><\/a><\/p>\n<\/div><\/div>\n\n\n\n<hr class=\"wp-block-separator has-alpha-channel-opacity\"\/>\n\n\n\n<div class=\"wp-block-media-text alignwide is-stacked-on-mobile is-vertically-aligned-center\" style=\"grid-template-columns:25% auto\"><figure class=\"wp-block-media-text__media\"><img decoding=\"async\" width=\"600\" height=\"798\" src=\"https:\/\/gcgw2024.harran.edu.tr\/wp-content\/uploads\/2023\/08\/veziroglu-1.jpg\" alt=\"\" class=\"wp-image-263 size-full\"\/><\/figure><div class=\"wp-block-media-text__content\">\n<p><strong>Honorary Chair :<\/strong> T. Nejat VEZ\u0130ROGLU<\/p>\n\n\n\n<p><strong><em>University of Miami<\/em><\/strong><\/p>\n<\/div><\/div>\n\n\n\n<hr class=\"wp-block-separator has-alpha-channel-opacity\"\/>\n\n\n\n<div class=\"wp-block-media-text alignwide is-stacked-on-mobile is-vertically-aligned-center\" style=\"grid-template-columns:25% auto\"><figure class=\"wp-block-media-text__media\"><img decoding=\"async\" width=\"940\" height=\"1073\" src=\"https:\/\/gcgw2024.harran.edu.tr\/wp-content\/uploads\/2023\/08\/b694d427-9c63-47a5-9aeb-b139d06bb2e1.jpg\" alt=\"\" class=\"wp-image-211 size-full\"\/><\/figure><div class=\"wp-block-media-text__content\">\n<p><strong>Conference Chair :<\/strong> Mehmet Tahir   G\u00dcLL\u00dcO\u011eLU<\/p>\n\n\n\n<p><strong><em><a href=\"https:\/\/www.harran.edu.tr\/default.aspx\">Harran University<\/a><\/em><\/strong><\/p>\n<\/div><\/div>\n\n\n\n<hr class=\"wp-block-separator has-alpha-channel-opacity\"\/>\n\n\n\n<div class=\"wp-block-media-text alignwide is-stacked-on-mobile is-vertically-aligned-center\" style=\"grid-template-columns:25% auto\"><figure class=\"wp-block-media-text__media\"><img loading=\"lazy\" decoding=\"async\" width=\"542\" height=\"605\" src=\"https:\/\/gcgw2024.harran.edu.tr\/wp-content\/uploads\/2023\/08\/dr.ismail_hilali.jpg\" alt=\"\" class=\"wp-image-260 size-full\"\/><\/figure><div class=\"wp-block-media-text__content\">\n<p><strong>Co-Chair :<\/strong> \u0130smail H\u0130LAL\u0130<\/p>\n\n\n\n<p><strong><em><a href=\"https:\/\/www.harran.edu.tr\/default.aspx\">Harran University<\/a><\/em><\/strong><\/p>\n<\/div><\/div>\n\n\n\n<hr class=\"wp-block-separator has-alpha-channel-opacity\"\/>\n\n\n\n<h3 class=\"wp-block-heading\"><strong>EXECUTIVE<\/strong> &amp; <strong>LOCAL ORGANISING COMMITTEE<\/strong><\/h3>\n\n\n\n<figure class=\"wp-block-table\"><table><tbody><tr><td>Dr. \u0130brahim D\u0130N\u00c7ER (Ontario Tech University)<\/td><\/tr><tr><td>Dr. Can \u00d6zg\u00fcr \u00c7OLPAN (Dokuz Eylul University)<\/td><\/tr><tr><td>Dr. Adnan M\u0130D\u0130LL\u0130 (Istanbul Technical University)<\/td><\/tr><tr><td>Dr. H\u00fcseyin Y\u0131ld\u0131r\u0131m DALKILI\u00c7 (Erzincan Binali Y\u0131ld\u0131r\u0131m University)<\/td><\/tr><tr><td>Dr. M. \u0130rfan YE\u015e\u0130LNACAR<\/td><\/tr><tr><td>Dr. H\u00fcsamettin BULUT<\/td><\/tr><tr><td>Dr. Mehmet Azmi AKTAC\u0130R<\/td><\/tr><tr><td>Dr. Tuba Rastgeldi Do\u011fan<\/td><\/tr><tr><td>Dr. Zeynel Abidin FIRATO\u011eLU<\/td><\/tr><tr><td>Dr. Yusuf I\u015eIKER<\/td><\/tr><tr><td>Dr. Mehmet Emin TENEKEC\u0130<\/td><\/tr><tr><td>Dr. Serkan KAYA<\/td><\/tr><tr><td>Dr. O\u011fuz \u015e\u0130M\u015eEK<\/td><\/tr><tr><td>Dr. Hakan KARA\u00c7\u0130ZMEL\u0130<\/td><\/tr><tr><td>Dr. Berkan AYD\u0130LEK<\/td><\/tr><tr><td>Dr. Abd\u00fclkadir G\u00dcM\u00dc\u015e\u00c7\u00dc<\/td><\/tr><tr><td>Dr. \u00d6zlem DEM\u0130R<\/td><\/tr><tr><td>Dr. G\u00f6khan DEM\u0130RCAN<\/td><\/tr><tr><td>Dr. Harun \u00c7\u0130\u011e<\/td><\/tr><tr><td>Dr. Pelin SOYERTA\u015e YAPICIO\u011eLU<\/td><\/tr><tr><td>Mehmet Akif \u0130LKHAN<\/td><\/tr><tr><td>Abuzer A\u00c7IKG\u00d6Z<\/td><\/tr><tr><td>Nergiz \u00dcLKER<\/td><\/tr><tr><td>Oktay YA\u015eAR<\/td><\/tr><tr><td>Ahmet Ersin ALTIPARMAK<\/td><\/tr><tr><td>\u00d6skan BARUT\u00c7UO\u011eLU<\/td><\/tr><\/tbody><\/table><\/figure>\n\n\n\n<p><\/p>\n\n\n\n<p><\/p>\n","protected":false},"excerpt":{"rendered":"<p>ORGANISATON CHAIR Founding Chair : \u0130brahim D\u0130N\u00c7ER Ontario Tech University Honorary Chair : T. Nejat VEZ\u0130ROGLU University of Miami Conference Chair : Mehmet Tahir G\u00dcLL\u00dcO\u011eLU Harran University Co-Chair : \u0130smail H\u0130LAL\u0130 Harran University EXECUTIVE &amp; LOCAL ORGANISING COMMITTEE Dr. \u0130brahim D\u0130N\u00c7ER (Ontario Tech University) Dr. Can \u00d6zg\u00fcr \u00c7OLPAN (Dokuz Eylul University) Dr. Adnan M\u0130D\u0130LL\u0130 (Istanbul &hellip; <\/p>\n","protected":false},"author":1,"featured_media":0,"parent":170,"menu_order":2,"comment_status":"closed","ping_status":"closed","template":"","meta":{"footnotes":""},"class_list":["post-146","page","type-page","status-publish","hentry"],"_links":{"self":[{"href":"https:\/\/gcgw2024.harran.edu.tr\/index.php\/wp-json\/wp\/v2\/pages\/146","targetHints":{"allow":["GET"]}}],"collection":[{"href":"https:\/\/gcgw2024.harran.edu.tr\/index.php\/wp-json\/wp\/v2\/pages"}],"about":[{"href":"https:\/\/gcgw2024.harran.edu.tr\/index.php\/wp-json\/wp\/v2\/types\/page"}],"author":[{"embeddable":true,"href":"https:\/\/gcgw2024.harran.edu.tr\/index.php\/wp-json\/wp\/v2\/users\/1"}],"replies":[{"embeddable":true,"href":"https:\/\/gcgw2024.harran.edu.tr\/index.php\/wp-json\/wp\/v2\/comments?post=146"}],"version-history":[{"count":43,"href":"https:\/\/gcgw2024.harran.edu.tr\/index.php\/wp-json\/wp\/v2\/pages\/146\/revisions"}],"predecessor-version":[{"id":1168,"href":"https:\/\/gcgw2024.harran.edu.tr\/index.php\/wp-json\/wp\/v2\/pages\/146\/revisions\/1168"}],"up":[{"embeddable":true,"href":"https:\/\/gcgw2024.harran.edu.tr\/index.php\/wp-json\/wp\/v2\/pages\/170"}],"wp:attachment":[{"href":"https:\/\/gcgw2024.harran.edu.tr\/index.php\/wp-json\/wp\/v2\/media?parent=146"}],"curies":[{"name":"wp","href":"https:\/\/api.w.org\/{rel}","templated":true}]}}