{"id":132,"date":"2023-08-21T22:15:11","date_gmt":"2023-08-21T19:15:11","guid":{"rendered":"http:\/\/gcgw2024.harran.edu.tr\/?page_id=132"},"modified":"2024-04-01T11:34:07","modified_gmt":"2024-04-01T08:34:07","slug":"call-for-papers","status":"publish","type":"page","link":"https:\/\/gcgw2024.harran.edu.tr\/index.php\/conference\/call-for-papers\/","title":{"rendered":"CALL FOR PAPERS"},"content":{"rendered":"\n<p><strong>Dear Colleague,<\/strong><\/p>\n\n\n\n<p style=\"font-size:17px\">It is our great pleasure to make an open invitation for the\u00a0<a href=\"https:\/\/gcgw2024.harran.edu.tr\"><strong>12<sup>th<\/sup>\u00a0Global Conference on Global Warming-2024 (GCGW2024)<\/strong><\/a>\u00a0scheduled for\u00a0<strong>May 16-19, 2024\u00a0in Sanliurfa, T\u00fcrkiye.<\/strong> The\u00a0<a href=\"https:\/\/gcgw2024.harran.edu.tr\"><strong>GCGW2024<\/strong><\/a>\u00a0is a multi\u2013disciplinary international conference on all aspects associated with\u00a0Energy, Environment, and Materials. The scientific part of the\u00a0<a href=\"https:\/\/gcgw2024.harran.edu.tr\"><strong>GCGW2024<\/strong><\/a>\u00a0will include plenary, parallel and poster sessions on different topics as listed in the flyer.  Accepted papers of the registered authors will be published in the\u00a0<a href=\"http:\/\/gcgw.org\/gcgw2019\/\"><strong>GCGW202<\/strong><\/a>4\u00a0 proceedings.  After the conference ends, high-quality papers will be considered, in extended form, for publication in the special issues for following journals. The social part of the\u00a0<strong>GCGW2024<\/strong>\u00a0will include tours in major touristic sites, a welcoming reception, and a gala dinner. The deadline for the short paper submission  is\u00a0 <strong><s>April 1<\/s>, <mark style=\"background-color:rgba(0, 0, 0, 0)\" class=\"has-inline-color has-vivid-red-color\"><strong>April 28<\/strong><\/mark><\/strong><mark style=\"background-color:rgba(0, 0, 0, 0)\" class=\"has-inline-color has-vivid-red-color\">, <strong>202<\/strong>4<\/mark>. You can submit your abstracts through the official conference website at\u00a0<a href=\"https:\/\/gcgw2024.harran.edu.tr\"><strong>gcgw2024.harran.edu.tr<\/strong><\/a>\u00a0(Go to submissions section). Details about the topics, venue, visa, accommodation, special issue, and other frequently asked questions can be found out at the conference website. Please forward this e-mail to your colleagues and potential authors who might be interested in attending this unique conference. We look forward to having the opportunity to welcome you in\u00a0<strong>Sanliurfa<\/strong>,\u00a0<strong>T\u00fcrkiye<\/strong>\u00a0\u00a0between\u00a0<strong>May 16-19, 2024.<\/strong><\/p>\n\n\n\n<p>Sincerely,<\/p>\n\n\n\n<p><strong>Prof. Dr. Mehmet Tahir G\u00dcLL\u00dcO\u011eLU (Conference Chair)<\/strong><\/p>\n\n\n\n<p><strong>On Behalf of the Organizing Committee (GCGW-2024)<\/strong><\/p>\n","protected":false},"excerpt":{"rendered":"<p>Dear Colleague, It is our great pleasure to make an open invitation for the\u00a012th\u00a0Global Conference on Global Warming-2024 (GCGW2024)\u00a0scheduled for\u00a0May 16-19, 2024\u00a0in Sanliurfa, T\u00fcrkiye. The\u00a0GCGW2024\u00a0is a multi\u2013disciplinary international conference on all aspects associated with\u00a0Energy, Environment, and Materials. The scientific part of the\u00a0GCGW2024\u00a0will include plenary, parallel and poster sessions on different topics as listed in the &hellip; <\/p>\n","protected":false},"author":1,"featured_media":0,"parent":168,"menu_order":1,"comment_status":"closed","ping_status":"closed","template":"","meta":{"footnotes":""},"class_list":["post-132","page","type-page","status-publish","hentry"],"_links":{"self":[{"href":"https:\/\/gcgw2024.harran.edu.tr\/index.php\/wp-json\/wp\/v2\/pages\/132","targetHints":{"allow":["GET"]}}],"collection":[{"href":"https:\/\/gcgw2024.harran.edu.tr\/index.php\/wp-json\/wp\/v2\/pages"}],"about":[{"href":"https:\/\/gcgw2024.harran.edu.tr\/index.php\/wp-json\/wp\/v2\/types\/page"}],"author":[{"embeddable":true,"href":"https:\/\/gcgw2024.harran.edu.tr\/index.php\/wp-json\/wp\/v2\/users\/1"}],"replies":[{"embeddable":true,"href":"https:\/\/gcgw2024.harran.edu.tr\/index.php\/wp-json\/wp\/v2\/comments?post=132"}],"version-history":[{"count":20,"href":"https:\/\/gcgw2024.harran.edu.tr\/index.php\/wp-json\/wp\/v2\/pages\/132\/revisions"}],"predecessor-version":[{"id":1001,"href":"https:\/\/gcgw2024.harran.edu.tr\/index.php\/wp-json\/wp\/v2\/pages\/132\/revisions\/1001"}],"up":[{"embeddable":true,"href":"https:\/\/gcgw2024.harran.edu.tr\/index.php\/wp-json\/wp\/v2\/pages\/168"}],"wp:attachment":[{"href":"https:\/\/gcgw2024.harran.edu.tr\/index.php\/wp-json\/wp\/v2\/media?parent=132"}],"curies":[{"name":"wp","href":"https:\/\/api.w.org\/{rel}","templated":true}]}}